{"id":2007,"date":"2020-10-21T11:38:09","date_gmt":"2020-10-21T09:38:09","guid":{"rendered":"https:\/\/www.emiconac.it\/horizon\/"},"modified":"2026-02-02T17:51:12","modified_gmt":"2026-02-02T16:51:12","slug":"horizon","status":"publish","type":"page","link":"https:\/\/areautenti.emiconac.it\/de\/horizon\/","title":{"rendered":"Horizon"},"content":{"rendered":"<section id=\"block_5f90001ed360a\" class=\"container-fluid acf-image-1 padding-60px-tb parallax margin-50px-bottom parallax\" data-stellar-background-ratio=\"0.1\" style=\"background-image:url('https:\/\/areautenti.emiconac.it\/wp-content\/uploads\/2020\/10\/Horizon2.jpg'); background-size: cover;\">\n    <div class=\"container position-relative d-flex justify-content-center text-center one-second-screen \">\n        <div class=\"row align-items-center\">\n            <div class=\"col-12\">\n                <p class=\"title-large text-white text-uppercase\"><p style=\"text-align: center; color: white;\"><img loading=\"lazy\" class=\"aligncenter wp-image-880 \" src=\"https:\/\/areautenti.emiconac.it\/wp-content\/uploads\/2020\/11\/Horizon-logo-2.png\" alt=\"\" width=\"712\" height=\"267\" \/><br \/>\r\n<strong>SELECTION SOFTWARE <em>by<\/em> EMICON Climate Solutions<br \/>\r\n<br \/>\r\n<br \/>\r\n<br \/>\r\n<br \/>\r\n<br \/>\r\n<font size=\"6\"; color=\"#ffffff\"><a href=\"http:\/\/knowhow.emiconac.it\/Account\/Login\" target=\"_blank\" style=\"color:white\"><br \/>\r\nGEHE ZUR HORIZON<br \/>\r\n<\/a><br \/>\r\n<\/font><br \/>\r\n<\/strong><\/p><\/p>\n            <\/div>\n        <\/div>\n    <\/div>\n<\/section>\n\n\n<h2 class=\"has-text-align-center\" id=\"h-eine-kostbare-unterst-tzung-f-r-die-erstellung-des-technisch-handelsvorschlags\">EINE KOSTBARE UNTERST\u00dcTZUNG F\u00dcR DIE ERSTELLUNG DES TECHNISCH-HANDELSVORSCHLAGS<\/h2>\n\n\n\n<p class=\"has-text-align-center\">Horizon 3 ist ein wichtiges Update seines Vorg\u00e4ngers, der Xshark-Auswahlsoftware. Diese neue Version aktualisiert Funktionen, Datenbank und grafische Oberfl\u00e4che, die jetzt reagieren und von Mobilger\u00e4ten oder Tablets aus verwendet werden k\u00f6nnen. Produktpalette, Zubeh\u00f6r und Auswahlfilter wurden aktualisiert und erweitert. Es ist jetzt m\u00f6glich, die Aktualisierungen jeder neuen Version auf der speziellen Seite &#8222;Software&#8220; im Hauptmen\u00fc detailliert anzuzeigen. <\/p>\n\n\n<section id=\"block_5f903c4dcf04c\" class=\"container text-center  padding-30px-tb\">\n    <div class=\"separator-line-horrizontal-medium-light margin-auto\">\n    <\/div>\n<\/section>\n\n<section id=\"block_5f8ff411d3781\" class=\"container acf-info-2 padding-60px-tb\">\n    <div class=\"row\">\n        <div class=\"col-md-8 col-12\">\n\t\t\t            <div><img loading=\"lazy\" class=\"alignnone wp-image-925 size-full\" src=\"https:\/\/www.emiconac.it\/wp-content\/uploads\/2020\/10\/iPad-Pro-In-Hand-horizon.jpg\" alt=\"horizon\" width=\"1024\" height=\"731\" srcset=\"https:\/\/areautenti.emiconac.it\/wp-content\/uploads\/2020\/10\/iPad-Pro-In-Hand-horizon.jpg 1024w, https:\/\/areautenti.emiconac.it\/wp-content\/uploads\/2020\/10\/iPad-Pro-In-Hand-horizon-24x17.jpg 24w, https:\/\/areautenti.emiconac.it\/wp-content\/uploads\/2020\/10\/iPad-Pro-In-Hand-horizon-31x22.jpg 31w, https:\/\/areautenti.emiconac.it\/wp-content\/uploads\/2020\/10\/iPad-Pro-In-Hand-horizon-48x34.jpg 48w\" sizes=\"(max-width: 1024px) 100vw, 1024px\" \/><\/div>\n\t\t\t        <\/div>\n\t\t            <div class=\"col-4\">\n\t\t\t\t                    <h5 class=\"text-secondary\">HORIZON 3<\/h5>\n\t\t\t\t                <div><ul><br \/>\r\n \t<li>Benutzerdefiniertes Profil<\/li><br \/>\r\n \t<li>Auswahl der Maschinen im Katalog<\/li><br \/>\r\n \t<li>Simulation von Einheiten unter anpassbaren thermohygrometrischen Bedingungen<\/li><br \/>\r\n \t<li>Bearbeitung des ma\u00dfgeschneiderten kommerziellen Angebots<\/li><br \/>\r\n \t<li>Datensicherheit<\/li><br \/>\r\n \t<li>St\u00e4ndige Updates<\/li><br \/>\r\n<\/ul><\/div>\n\t\t\t\t            <\/div>\n\t\t    <\/div>\n<\/section>\n<style type=\"text\/css\">\n    #\n    block_5f8ff411d3781    blockquote {\n        border-left: 2px solid #00a195;\n    }\n\n    #\n    block_5f8ff411d3781    li {\n        padding: 5px 0 5px 20px;\n        text-indent: -21px;\n    }\n<\/style>\n\n\n<section id=\"block_5f96d7afcd3dd\" class=\"container-fluid acf-image-1 padding-60px-tb parallax parallax\" data-stellar-background-ratio=\"0.1\" style=\"background-image:url('https:\/\/areautenti.emiconac.it\/wp-content\/uploads\/2020\/10\/horizon-footer.jpg'); background-size: cover;\">\n    <div class=\"container position-relative d-flex justify-content-center text-center one-second-screen \">\n        <div class=\"row align-items-center\">\n            <div class=\"col-12\">\n                <p class=\"title-large text-white text-uppercase\"><\/p>\n            <\/div>\n        <\/div>\n    <\/div>\n<\/section>","protected":false},"excerpt":{"rendered":"<p>EINE KOSTBARE UNTERST\u00dcTZUNG F\u00dcR DIE ERSTELLUNG DES TECHNISCH-HANDELSVORSCHLAGS Horizon 3 ist ein wichtiges Update seines Vorg\u00e4ngers, der Xshark-Auswahlsoftware. Diese neue Version aktualisiert Funktionen, Datenbank und grafische Oberfl\u00e4che, die jetzt reagieren und von Mobilger\u00e4ten oder Tablets aus verwendet werden k\u00f6nnen. Produktpalette, Zubeh\u00f6r und Auswahlfilter wurden aktualisiert und erweitert. Es ist jetzt m\u00f6glich, die Aktualisierungen jeder neuen [&hellip;]<\/p>\n","protected":false},"author":2,"featured_media":0,"parent":0,"menu_order":58,"comment_status":"closed","ping_status":"closed","template":"","meta":[],"yoast_head":"<!-- This site is optimized with the Yoast SEO Premium plugin v15.0 - https:\/\/yoast.com\/wordpress\/plugins\/seo\/ -->\n<title>Horizon - Emicon<\/title>\n<meta name=\"robots\" content=\"index, follow, max-snippet:-1, max-image-preview:large, max-video-preview:-1\" \/>\n<link rel=\"canonical\" href=\"https:\/\/areautenti.emiconac.it\/de\/horizon\/\" \/>\n<meta property=\"og:locale\" content=\"de_DE\" \/>\n<meta property=\"og:type\" content=\"article\" \/>\n<meta property=\"og:title\" content=\"Horizon - Emicon\" \/>\n<meta property=\"og:description\" content=\"EINE KOSTBARE UNTERST\u00dcTZUNG F\u00dcR DIE ERSTELLUNG DES TECHNISCH-HANDELSVORSCHLAGS Horizon 3 ist ein wichtiges Update seines Vorg\u00e4ngers, der Xshark-Auswahlsoftware. Diese neue Version aktualisiert Funktionen, Datenbank und grafische Oberfl\u00e4che, die jetzt reagieren und von Mobilger\u00e4ten oder Tablets aus verwendet werden k\u00f6nnen. Produktpalette, Zubeh\u00f6r und Auswahlfilter wurden aktualisiert und erweitert. Es ist jetzt m\u00f6glich, die Aktualisierungen jeder neuen [&hellip;]\" \/>\n<meta property=\"og:url\" content=\"https:\/\/areautenti.emiconac.it\/de\/horizon\/\" \/>\n<meta property=\"og:site_name\" content=\"Emicon\" \/>\n<meta property=\"article:modified_time\" content=\"2026-02-02T16:51:12+00:00\" \/>\n<meta name=\"twitter:card\" content=\"summary_large_image\" \/>\n<script type=\"application\/ld+json\" class=\"yoast-schema-graph\">{\"@context\":\"https:\/\/schema.org\",\"@graph\":[{\"@type\":\"WebSite\",\"@id\":\"https:\/\/areautenti.emiconac.it\/de\/#website\",\"url\":\"https:\/\/areautenti.emiconac.it\/de\/\",\"name\":\"Emicon\",\"description\":\"Aria condizionata e applicazioni industriali\",\"potentialAction\":[{\"@type\":\"SearchAction\",\"target\":\"https:\/\/areautenti.emiconac.it\/de\/?s={search_term_string}\",\"query-input\":\"required name=search_term_string\"}],\"inLanguage\":\"de\"},{\"@type\":\"WebPage\",\"@id\":\"https:\/\/areautenti.emiconac.it\/de\/horizon\/#webpage\",\"url\":\"https:\/\/areautenti.emiconac.it\/de\/horizon\/\",\"name\":\"Horizon - Emicon\",\"isPartOf\":{\"@id\":\"https:\/\/areautenti.emiconac.it\/de\/#website\"},\"datePublished\":\"2020-10-21T09:38:09+00:00\",\"dateModified\":\"2026-02-02T16:51:12+00:00\",\"inLanguage\":\"de\",\"potentialAction\":[{\"@type\":\"ReadAction\",\"target\":[\"https:\/\/areautenti.emiconac.it\/de\/horizon\/\"]}]}]}<\/script>\n<!-- \/ Yoast SEO Premium plugin. -->","_links":{"self":[{"href":"https:\/\/areautenti.emiconac.it\/de\/wp-json\/wp\/v2\/pages\/2007"}],"collection":[{"href":"https:\/\/areautenti.emiconac.it\/de\/wp-json\/wp\/v2\/pages"}],"about":[{"href":"https:\/\/areautenti.emiconac.it\/de\/wp-json\/wp\/v2\/types\/page"}],"author":[{"embeddable":true,"href":"https:\/\/areautenti.emiconac.it\/de\/wp-json\/wp\/v2\/users\/2"}],"replies":[{"embeddable":true,"href":"https:\/\/areautenti.emiconac.it\/de\/wp-json\/wp\/v2\/comments?post=2007"}],"version-history":[{"count":10,"href":"https:\/\/areautenti.emiconac.it\/de\/wp-json\/wp\/v2\/pages\/2007\/revisions"}],"predecessor-version":[{"id":24213,"href":"https:\/\/areautenti.emiconac.it\/de\/wp-json\/wp\/v2\/pages\/2007\/revisions\/24213"}],"wp:attachment":[{"href":"https:\/\/areautenti.emiconac.it\/de\/wp-json\/wp\/v2\/media?parent=2007"}],"curies":[{"name":"wp","href":"https:\/\/api.w.org\/{rel}","templated":true}]}}