{"id":2357,"date":"2021-02-19T10:30:19","date_gmt":"2021-02-19T09:30:19","guid":{"rendered":"https:\/\/www.emiconac.it\/?page_id=2357"},"modified":"2026-01-26T18:23:10","modified_gmt":"2026-01-26T17:23:10","slug":"home","status":"publish","type":"page","link":"https:\/\/areautenti.emiconac.it\/de\/","title":{"rendered":"Home"},"content":{"rendered":"","protected":false},"excerpt":{"rendered":"","protected":false},"author":1,"featured_media":0,"parent":0,"menu_order":70,"comment_status":"closed","ping_status":"closed","template":"template-home.php","meta":[],"yoast_head":"<!-- This site is optimized with the Yoast SEO Premium plugin v15.0 - https:\/\/yoast.com\/wordpress\/plugins\/seo\/ -->\n<title>F\u00fchrend im Bereich der professionellen Klimatisierung - EMICON A.C.<\/title>\n<meta name=\"description\" content=\"EMICON A.C. SpA. Herstellung von Pr\u00e4zisionsklimager\u00e4ten f\u00fcr technologische Anwendungen und IT-K\u00fchlung, mittlere und gro\u00dfe Chiller, W\u00e4rmepumpen und Rooftop\" \/>\n<meta name=\"robots\" content=\"index, follow, max-snippet:-1, max-image-preview:large, max-video-preview:-1\" \/>\n<link rel=\"canonical\" href=\"https:\/\/areautenti.emiconac.it\/de\/\" \/>\n<meta property=\"og:locale\" content=\"de_DE\" \/>\n<meta property=\"og:type\" content=\"article\" \/>\n<meta property=\"og:title\" content=\"F\u00fchrend im Bereich der professionellen Klimatisierung - EMICON A.C.\" \/>\n<meta property=\"og:description\" content=\"EMICON A.C. SpA. Herstellung von Pr\u00e4zisionsklimager\u00e4ten f\u00fcr technologische Anwendungen und IT-K\u00fchlung, mittlere und gro\u00dfe Chiller, W\u00e4rmepumpen und Rooftop\" \/>\n<meta property=\"og:url\" content=\"https:\/\/areautenti.emiconac.it\/de\/\" \/>\n<meta property=\"og:site_name\" content=\"Emicon\" \/>\n<meta property=\"article:modified_time\" content=\"2026-01-26T17:23:10+00:00\" \/>\n<meta name=\"twitter:card\" content=\"summary_large_image\" \/>\n<script type=\"application\/ld+json\" class=\"yoast-schema-graph\">{\"@context\":\"https:\/\/schema.org\",\"@graph\":[{\"@type\":\"WebSite\",\"@id\":\"https:\/\/areautenti.emiconac.it\/de\/#website\",\"url\":\"https:\/\/areautenti.emiconac.it\/de\/\",\"name\":\"Emicon\",\"description\":\"Aria condizionata e applicazioni industriali\",\"potentialAction\":[{\"@type\":\"SearchAction\",\"target\":\"https:\/\/areautenti.emiconac.it\/de\/?s={search_term_string}\",\"query-input\":\"required name=search_term_string\"}],\"inLanguage\":\"de\"},{\"@type\":\"WebPage\",\"@id\":\"https:\/\/areautenti.emiconac.it\/de\/#webpage\",\"url\":\"https:\/\/areautenti.emiconac.it\/de\/\",\"name\":\"F\\u00fchrend im Bereich der professionellen Klimatisierung - EMICON A.C.\",\"isPartOf\":{\"@id\":\"https:\/\/areautenti.emiconac.it\/de\/#website\"},\"datePublished\":\"2021-02-19T09:30:19+00:00\",\"dateModified\":\"2026-01-26T17:23:10+00:00\",\"description\":\"EMICON A.C. SpA. Herstellung von Pr\\u00e4zisionsklimager\\u00e4ten f\\u00fcr technologische Anwendungen und IT-K\\u00fchlung, mittlere und gro\\u00dfe Chiller, W\\u00e4rmepumpen und Rooftop\",\"inLanguage\":\"de\",\"potentialAction\":[{\"@type\":\"ReadAction\",\"target\":[\"https:\/\/areautenti.emiconac.it\/de\/\"]}]}]}<\/script>\n<!-- \/ Yoast SEO Premium plugin. -->","_links":{"self":[{"href":"https:\/\/areautenti.emiconac.it\/de\/wp-json\/wp\/v2\/pages\/2357"}],"collection":[{"href":"https:\/\/areautenti.emiconac.it\/de\/wp-json\/wp\/v2\/pages"}],"about":[{"href":"https:\/\/areautenti.emiconac.it\/de\/wp-json\/wp\/v2\/types\/page"}],"author":[{"embeddable":true,"href":"https:\/\/areautenti.emiconac.it\/de\/wp-json\/wp\/v2\/users\/1"}],"replies":[{"embeddable":true,"href":"https:\/\/areautenti.emiconac.it\/de\/wp-json\/wp\/v2\/comments?post=2357"}],"version-history":[{"count":4,"href":"https:\/\/areautenti.emiconac.it\/de\/wp-json\/wp\/v2\/pages\/2357\/revisions"}],"predecessor-version":[{"id":24199,"href":"https:\/\/areautenti.emiconac.it\/de\/wp-json\/wp\/v2\/pages\/2357\/revisions\/24199"}],"wp:attachment":[{"href":"https:\/\/areautenti.emiconac.it\/de\/wp-json\/wp\/v2\/media?parent=2357"}],"curies":[{"name":"wp","href":"https:\/\/api.w.org\/{rel}","templated":true}]}}