{"id":2006,"date":"2020-10-21T11:38:09","date_gmt":"2020-10-21T09:38:09","guid":{"rendered":"https:\/\/www.emiconac.it\/horizon\/"},"modified":"2026-02-02T17:50:35","modified_gmt":"2026-02-02T16:50:35","slug":"horizon","status":"publish","type":"page","link":"https:\/\/areautenti.emiconac.it\/fr\/horizon\/","title":{"rendered":"Horizon"},"content":{"rendered":"<section id=\"block_5f90001ed360a\" class=\"container-fluid acf-image-1 padding-60px-tb parallax margin-50px-bottom parallax\" data-stellar-background-ratio=\"0.1\" style=\"background-image:url('https:\/\/areautenti.emiconac.it\/wp-content\/uploads\/2020\/10\/Horizon2.jpg'); background-size: cover;\">\n    <div class=\"container position-relative d-flex justify-content-center text-center one-second-screen \">\n        <div class=\"row align-items-center\">\n            <div class=\"col-12\">\n                <p class=\"title-large text-white text-uppercase\"><p style=\"text-align: center; color: white;\"><img loading=\"lazy\" class=\"aligncenter wp-image-880 \" src=\"https:\/\/areautenti.emiconac.it\/wp-content\/uploads\/2020\/11\/Horizon-logo-2.png\" alt=\"\" width=\"712\" height=\"267\" \/><br \/>\r\n<strong>SELECTION SOFTWARE <em>by<\/em> EMICON Climate Solutions<br \/>\r\n<br \/>\r\n<br \/>\r\n<br \/>\r\n<br \/>\r\n<br \/>\r\n<font size=\"6\"; color=\"#ffffff\"><a href=\"http:\/\/knowhow.emiconac.it\/Account\/Login\" target=\"_blank\" style=\"color:white\"><br \/>\r\nALLER \u00c0 HORIZON<br \/>\r\n<\/a><br \/>\r\n<\/font><br \/>\r\n<\/strong><\/p><\/p>\n            <\/div>\n        <\/div>\n    <\/div>\n<\/section>\n\n\n<h2 class=\"has-text-align-center\" id=\"h-un-soutien-pr-cieux-la-cr-ation-de-la-proposition-technico-commerciale\">UN SOUTIEN PR\u00c9CIEUX \u00c0 LA CR\u00c9ATION DE LA PROPOSITION TECHNICO-COMMERCIALE<\/h2>\n\n\n\n<p class=\"has-text-align-center\">Horizon 3 repr\u00e9sente une importante mise au jour de son pr\u00e9d\u00e9cesseur, le logiciel de s\u00e9lection Xshark. La nouvelle version met au jour les fonctions, le data base et l\u2019interface graphique, maintenant r\u00e9active, utilisable par dispositif portable ou tablet. On a mis au jour et augment\u00e9 les gammes de produits, les options et les filtres pour la s\u00e9lection. Il est maintenant possible de visualiser en d\u00e9tail la mise au jour de chaque version sur la page \u00ab&nbsp;Software&nbsp;\u00bb du menu principal. <\/p>\n\n\n<section id=\"block_5f903c4dcf04c\" class=\"container text-center  padding-30px-tb\">\n    <div class=\"separator-line-horrizontal-medium-light margin-auto\">\n    <\/div>\n<\/section>\n\n<section id=\"block_5f8ff411d3781\" class=\"container acf-info-2 padding-60px-tb\">\n    <div class=\"row\">\n        <div class=\"col-md-8 col-12\">\n\t\t\t            <div><img loading=\"lazy\" class=\"alignnone wp-image-925 size-full\" src=\"https:\/\/www.emiconac.it\/wp-content\/uploads\/2020\/10\/iPad-Pro-In-Hand-horizon.jpg\" alt=\"horizon\" width=\"1024\" height=\"731\" srcset=\"https:\/\/areautenti.emiconac.it\/wp-content\/uploads\/2020\/10\/iPad-Pro-In-Hand-horizon.jpg 1024w, https:\/\/areautenti.emiconac.it\/wp-content\/uploads\/2020\/10\/iPad-Pro-In-Hand-horizon-24x17.jpg 24w, https:\/\/areautenti.emiconac.it\/wp-content\/uploads\/2020\/10\/iPad-Pro-In-Hand-horizon-31x22.jpg 31w, https:\/\/areautenti.emiconac.it\/wp-content\/uploads\/2020\/10\/iPad-Pro-In-Hand-horizon-48x34.jpg 48w\" sizes=\"(max-width: 1024px) 100vw, 1024px\" \/><\/div>\n\t\t\t        <\/div>\n\t\t            <div class=\"col-4\">\n\t\t\t\t                    <h5 class=\"text-secondary\">HORIZON 3<\/h5>\n\t\t\t\t                <div><ul><br \/>\r\n \t<li>Profil custom<\/li><br \/>\r\n \t<li>S\u00e9lection des unit\u00e9s en catalogue<\/li><br \/>\r\n \t<li>Simulation des unit\u00e9s en conditions thermo hygrom\u00e9triques \u00e0 personnaliser<\/li><br \/>\r\n \t<li>Emission personnalis\u00e9e des offres commerciales<\/li><br \/>\r\n \t<li>S\u00e9curit\u00e9 des donn\u00e9es<\/li><br \/>\r\n \t<li>Mises \u00e0 jour constantes<\/li><br \/>\r\n<\/ul><\/div>\n\t\t\t\t            <\/div>\n\t\t    <\/div>\n<\/section>\n<style type=\"text\/css\">\n    #\n    block_5f8ff411d3781    blockquote {\n        border-left: 2px solid #00a195;\n    }\n\n    #\n    block_5f8ff411d3781    li {\n        padding: 5px 0 5px 20px;\n        text-indent: -21px;\n    }\n<\/style>\n\n\n<section id=\"block_5f96d7afcd3dd\" class=\"container-fluid acf-image-1 padding-60px-tb parallax parallax\" data-stellar-background-ratio=\"0.1\" style=\"background-image:url('https:\/\/areautenti.emiconac.it\/wp-content\/uploads\/2020\/10\/horizon-footer.jpg'); background-size: cover;\">\n    <div class=\"container position-relative d-flex justify-content-center text-center one-second-screen \">\n        <div class=\"row align-items-center\">\n            <div class=\"col-12\">\n                <p class=\"title-large text-white text-uppercase\"><\/p>\n            <\/div>\n        <\/div>\n    <\/div>\n<\/section>","protected":false},"excerpt":{"rendered":"<p>UN SOUTIEN PR\u00c9CIEUX \u00c0 LA CR\u00c9ATION DE LA PROPOSITION TECHNICO-COMMERCIALE Horizon 3 repr\u00e9sente une importante mise au jour de son pr\u00e9d\u00e9cesseur, le logiciel de s\u00e9lection Xshark. La nouvelle version met au jour les fonctions, le data base et l\u2019interface graphique, maintenant r\u00e9active, utilisable par dispositif portable ou tablet. On a mis au jour et augment\u00e9 [&hellip;]<\/p>\n","protected":false},"author":2,"featured_media":0,"parent":0,"menu_order":58,"comment_status":"closed","ping_status":"closed","template":"","meta":[],"yoast_head":"<!-- This site is optimized with the Yoast SEO Premium plugin v15.0 - https:\/\/yoast.com\/wordpress\/plugins\/seo\/ -->\n<title>Horizon - Emicon<\/title>\n<meta name=\"robots\" content=\"index, follow, max-snippet:-1, max-image-preview:large, max-video-preview:-1\" \/>\n<link rel=\"canonical\" href=\"https:\/\/areautenti.emiconac.it\/fr\/horizon\/\" \/>\n<meta property=\"og:locale\" content=\"fr_FR\" \/>\n<meta property=\"og:type\" content=\"article\" \/>\n<meta property=\"og:title\" content=\"Horizon - Emicon\" \/>\n<meta property=\"og:description\" content=\"UN SOUTIEN PR\u00c9CIEUX \u00c0 LA CR\u00c9ATION DE LA PROPOSITION TECHNICO-COMMERCIALE Horizon 3 repr\u00e9sente une importante mise au jour de son pr\u00e9d\u00e9cesseur, le logiciel de s\u00e9lection Xshark. La nouvelle version met au jour les fonctions, le data base et l\u2019interface graphique, maintenant r\u00e9active, utilisable par dispositif portable ou tablet. On a mis au jour et augment\u00e9 [&hellip;]\" \/>\n<meta property=\"og:url\" content=\"https:\/\/areautenti.emiconac.it\/fr\/horizon\/\" \/>\n<meta property=\"og:site_name\" content=\"Emicon\" \/>\n<meta property=\"article:modified_time\" content=\"2026-02-02T16:50:35+00:00\" \/>\n<meta name=\"twitter:card\" content=\"summary_large_image\" \/>\n<script type=\"application\/ld+json\" class=\"yoast-schema-graph\">{\"@context\":\"https:\/\/schema.org\",\"@graph\":[{\"@type\":\"WebSite\",\"@id\":\"https:\/\/areautenti.emiconac.it\/fr\/#website\",\"url\":\"https:\/\/areautenti.emiconac.it\/fr\/\",\"name\":\"Emicon\",\"description\":\"Aria condizionata e applicazioni industriali\",\"potentialAction\":[{\"@type\":\"SearchAction\",\"target\":\"https:\/\/areautenti.emiconac.it\/fr\/?s={search_term_string}\",\"query-input\":\"required name=search_term_string\"}],\"inLanguage\":\"fr-FR\"},{\"@type\":\"WebPage\",\"@id\":\"https:\/\/areautenti.emiconac.it\/fr\/horizon\/#webpage\",\"url\":\"https:\/\/areautenti.emiconac.it\/fr\/horizon\/\",\"name\":\"Horizon - Emicon\",\"isPartOf\":{\"@id\":\"https:\/\/areautenti.emiconac.it\/fr\/#website\"},\"datePublished\":\"2020-10-21T09:38:09+00:00\",\"dateModified\":\"2026-02-02T16:50:35+00:00\",\"inLanguage\":\"fr-FR\",\"potentialAction\":[{\"@type\":\"ReadAction\",\"target\":[\"https:\/\/areautenti.emiconac.it\/fr\/horizon\/\"]}]}]}<\/script>\n<!-- \/ Yoast SEO Premium plugin. -->","_links":{"self":[{"href":"https:\/\/areautenti.emiconac.it\/fr\/wp-json\/wp\/v2\/pages\/2006"}],"collection":[{"href":"https:\/\/areautenti.emiconac.it\/fr\/wp-json\/wp\/v2\/pages"}],"about":[{"href":"https:\/\/areautenti.emiconac.it\/fr\/wp-json\/wp\/v2\/types\/page"}],"author":[{"embeddable":true,"href":"https:\/\/areautenti.emiconac.it\/fr\/wp-json\/wp\/v2\/users\/2"}],"replies":[{"embeddable":true,"href":"https:\/\/areautenti.emiconac.it\/fr\/wp-json\/wp\/v2\/comments?post=2006"}],"version-history":[{"count":12,"href":"https:\/\/areautenti.emiconac.it\/fr\/wp-json\/wp\/v2\/pages\/2006\/revisions"}],"predecessor-version":[{"id":24211,"href":"https:\/\/areautenti.emiconac.it\/fr\/wp-json\/wp\/v2\/pages\/2006\/revisions\/24211"}],"wp:attachment":[{"href":"https:\/\/areautenti.emiconac.it\/fr\/wp-json\/wp\/v2\/media?parent=2006"}],"curies":[{"name":"wp","href":"https:\/\/api.w.org\/{rel}","templated":true}]}}